{"id":1984,"date":"2022-07-01T13:24:58","date_gmt":"2022-07-01T11:24:58","guid":{"rendered":"http:\/\/mostybeach.pl\/?page_id=1984"},"modified":"2023-03-28T21:38:42","modified_gmt":"2023-03-28T19:38:42","slug":"mostybeach-oferta-splywow-kajakowych-kajaki-pilica-maluszyn","status":"publish","type":"page","link":"https:\/\/mostybeach.pl\/index.php\/mostybeach-oferta-splywow-kajakowych-kajaki-pilica-maluszyn\/","title":{"rendered":"Oferta"},"content":{"rendered":"<p>[vc_row remove_overflow=&#8221;&#8221; ef5_padding=&#8221;100-0&#8243; ef5_divider=&#8221;none&#8221;][vc_column background_color=&#8221;&#8221; offset=&#8221;vc_col-lg-6 vc_col-md-6&#8243;][ef5_emptyspace values=&#8221;%5B%7B%22screen_size_min%22%3A%22992%22%2C%22height%22%3A%2215%22%7D%5D&#8221; el_id=&#8221;1579248933592-70ec07e3-c1d9&#8243;][ef5_heading small_heading_text=&#8221;OFERTA&#8221; heading_text=&#8221;Oferujemy:&#8221; add_heading_icon=&#8221;&#8221; show_heading2=&#8221;&#8221; show_heading3=&#8221;&#8221; subheading_text=&#8221;&#8221; desc_text=&#8221;Wypo\u017cyczalnia kajak\u00f3w.<br \/>\nSp\u0142ywy jednodniowe.<br \/>\nSp\u0142ywy weekendowe.<br \/>\nSp\u0142ywy tygodniowe.<br \/>\nSp\u0142ywy d\u0142ugo weekendowe.<br \/>\nSp\u0142ywy firmowe,&#8221;][ef5_emptyspace values=&#8221;%5B%7B%22height%22%3A%2235%22%7D%5D&#8221; el_id=&#8221;1570503341552-2169e0a9-16b0&#8243;][vc_empty_space height=&#8221;27px&#8221;][\/vc_column][vc_column background_color=&#8221;&#8221; offset=&#8221;vc_col-lg-6 vc_col-md-6&#8243;][vc_single_image image=&#8221;1937&#8243; img_size=&#8221;large&#8221; style=&#8221;vc_box_rounded&#8221; onclick=&#8221;link_image&#8221;][vc_row_inner remove_overflow=&#8221;&#8221; ef5_gutter=&#8221;20&#8243; ef5_background_color=&#8221;&#8221; ef5_divider=&#8221;none&#8221; el_class=&#8221;gutters-20&#8243;][vc_column_inner width=&#8221;1\/2&#8243;][vc_empty_space height=&#8221;20px&#8221;][vc_single_image image=&#8221;1935&#8243; img_size=&#8221;medium&#8221; style=&#8221;vc_box_rounded&#8221; onclick=&#8221;link_image&#8221;][\/vc_column_inner][vc_column_inner width=&#8221;1\/2&#8243;][vc_empty_space height=&#8221;20px&#8221;][vc_single_image image=&#8221;1936&#8243; img_size=&#8221;medium&#8221; style=&#8221;vc_box_rounded&#8221; onclick=&#8221;link_image&#8221;][\/vc_column_inner][\/vc_row_inner][\/vc_column][\/vc_row]<\/p>\n","protected":false},"excerpt":{"rendered":"<p>[vc_row remove_overflow=&#8221;&#8221; ef5_padding=&#8221;100-0&#8243; ef5_divider=&#8221;none&#8221;][vc_column background_color=&#8221;&#8221; offset=&#8221;vc_col-lg-6 vc_col-md-6&#8243;][ef5_emptyspace values=&#8221;%5B%7B%22screen_size_min%22%3A%22992%22%2C%22height%22%3A%2215%22%7D%5D&#8221; el_id=&#8221;1579248933592-70ec07e3-c1d9&#8243;][ef5_heading small_heading_text=&#8221;OFERTA&#8221; heading_text=&#8221;Oferujemy:&#8221; add_heading_icon=&#8221;&#8221; show_heading2=&#8221;&#8221; show_heading3=&#8221;&#8221; subheading_text=&#8221;&#8221; desc_text=&#8221;Wypo\u017cyczalnia kajak\u00f3w. Sp\u0142ywy jednodniowe. Sp\u0142ywy weekendowe. Sp\u0142ywy tygodniowe. Sp\u0142ywy d\u0142ugo weekendowe. Sp\u0142ywy firmowe,&#8221;][ef5_emptyspace values=&#8221;%5B%7B%22height%22%3A%2235%22%7D%5D&#8221; el_id=&#8221;1570503341552-2169e0a9-16b0&#8243;][vc_empty_space [&hellip;]<\/p>\n","protected":false},"author":1,"featured_media":0,"parent":0,"menu_order":0,"comment_status":"closed","ping_status":"closed","template":"","meta":{"footnotes":""},"class_list":["post-1984","page","type-page","status-publish","hentry"],"yoast_head":"<!-- This site is optimized with the Yoast SEO plugin v19.2 - https:\/\/yoast.com\/wordpress\/plugins\/seo\/ -->\n<title>Oferta - Sp\u0142ywy Kajakowe MostyBeach<\/title>\n<meta name=\"description\" content=\"Wypo\u017cyczalnia kajak\u00f3w, Sp\u0142ywy jednodniowe, Sp\u0142ywy weekendowe, Sp\u0142ywy tygodniowe , Sp\u0142ywy d\u0142ugo weekendowe, Sp\u0142ywy firmowe,\" \/>\n<meta name=\"robots\" content=\"index, follow, max-snippet:-1, max-image-preview:large, max-video-preview:-1\" \/>\n<link rel=\"canonical\" href=\"https:\/\/mostybeach.pl\/index.php\/mostybeach-oferta-splywow-kajakowych-kajaki-pilica-maluszyn\/\" \/>\n<meta property=\"og:locale\" content=\"pl_PL\" \/>\n<meta property=\"og:type\" content=\"article\" \/>\n<meta property=\"og:title\" content=\"Oferta - Sp\u0142ywy Kajakowe MostyBeach\" \/>\n<meta property=\"og:description\" content=\"Wypo\u017cyczalnia kajak\u00f3w, Sp\u0142ywy jednodniowe, Sp\u0142ywy weekendowe, Sp\u0142ywy tygodniowe , Sp\u0142ywy d\u0142ugo weekendowe, Sp\u0142ywy firmowe,\" \/>\n<meta property=\"og:url\" content=\"https:\/\/mostybeach.pl\/index.php\/mostybeach-oferta-splywow-kajakowych-kajaki-pilica-maluszyn\/\" \/>\n<meta property=\"og:site_name\" content=\"Sp\u0142ywy Kajakowe MostyBeach\" \/>\n<meta property=\"article:modified_time\" content=\"2023-03-28T19:38:42+00:00\" \/>\n<meta name=\"author\" content=\"admin\" \/>\n<meta name=\"twitter:card\" content=\"summary_large_image\" \/>\n<meta name=\"twitter:label1\" content=\"Szacowany czas czytania\" \/>\n\t<meta name=\"twitter:data1\" content=\"1 minuta\" \/>\n<script type=\"application\/ld+json\" class=\"yoast-schema-graph\">{\"@context\":\"https:\/\/schema.org\",\"@graph\":[{\"@type\":\"WebSite\",\"@id\":\"http:\/\/mostybeach.pl\/#website\",\"url\":\"http:\/\/mostybeach.pl\/\",\"name\":\"Sp\u0142ywy Kajakowe MostyBeach\",\"description\":\"Sp\u0142ywy kajakowe nad pilic\u0105, maluszyn, Wynajem Kajak\u00f3w, \u0141\u00f3dzkie, sp\u0142ywy kajakowe wycieczki, kajaki \u015bwi\u0119tokrzyskie, Wypo\u017cyczalnia Kajak\u00f3w, Sp\u0142ywy kajakowe Kielce, \u015awi\u0119tokrzyskie\",\"potentialAction\":[{\"@type\":\"SearchAction\",\"target\":{\"@type\":\"EntryPoint\",\"urlTemplate\":\"http:\/\/mostybeach.pl\/?s={search_term_string}\"},\"query-input\":\"required name=search_term_string\"}],\"inLanguage\":\"pl-PL\"},{\"@type\":\"WebPage\",\"@id\":\"https:\/\/mostybeach.pl\/index.php\/mostybeach-oferta-splywow-kajakowych-kajaki-pilica-maluszyn\/#webpage\",\"url\":\"https:\/\/mostybeach.pl\/index.php\/mostybeach-oferta-splywow-kajakowych-kajaki-pilica-maluszyn\/\",\"name\":\"Oferta - Sp\u0142ywy Kajakowe MostyBeach\",\"isPartOf\":{\"@id\":\"http:\/\/mostybeach.pl\/#website\"},\"datePublished\":\"2022-07-01T11:24:58+00:00\",\"dateModified\":\"2023-03-28T19:38:42+00:00\",\"description\":\"Wypo\u017cyczalnia kajak\u00f3w, Sp\u0142ywy jednodniowe, Sp\u0142ywy weekendowe, Sp\u0142ywy tygodniowe , Sp\u0142ywy d\u0142ugo weekendowe, Sp\u0142ywy firmowe,\",\"breadcrumb\":{\"@id\":\"https:\/\/mostybeach.pl\/index.php\/mostybeach-oferta-splywow-kajakowych-kajaki-pilica-maluszyn\/#breadcrumb\"},\"inLanguage\":\"pl-PL\",\"potentialAction\":[{\"@type\":\"ReadAction\",\"target\":[\"https:\/\/mostybeach.pl\/index.php\/mostybeach-oferta-splywow-kajakowych-kajaki-pilica-maluszyn\/\"]}]},{\"@type\":\"BreadcrumbList\",\"@id\":\"https:\/\/mostybeach.pl\/index.php\/mostybeach-oferta-splywow-kajakowych-kajaki-pilica-maluszyn\/#breadcrumb\",\"itemListElement\":[{\"@type\":\"ListItem\",\"position\":1,\"name\":\"Strona g\u0142\u00f3wna\",\"item\":\"http:\/\/mostybeach.pl\/\"},{\"@type\":\"ListItem\",\"position\":2,\"name\":\"Oferta\"}]}]}<\/script>\n<!-- \/ Yoast SEO plugin. -->","yoast_head_json":{"title":"Oferta - Sp\u0142ywy Kajakowe MostyBeach","description":"Wypo\u017cyczalnia kajak\u00f3w, Sp\u0142ywy jednodniowe, Sp\u0142ywy weekendowe, Sp\u0142ywy tygodniowe , Sp\u0142ywy d\u0142ugo weekendowe, Sp\u0142ywy firmowe,","robots":{"index":"index","follow":"follow","max-snippet":"max-snippet:-1","max-image-preview":"max-image-preview:large","max-video-preview":"max-video-preview:-1"},"canonical":"https:\/\/mostybeach.pl\/index.php\/mostybeach-oferta-splywow-kajakowych-kajaki-pilica-maluszyn\/","og_locale":"pl_PL","og_type":"article","og_title":"Oferta - Sp\u0142ywy Kajakowe MostyBeach","og_description":"Wypo\u017cyczalnia kajak\u00f3w, Sp\u0142ywy jednodniowe, Sp\u0142ywy weekendowe, Sp\u0142ywy tygodniowe , Sp\u0142ywy d\u0142ugo weekendowe, Sp\u0142ywy firmowe,","og_url":"https:\/\/mostybeach.pl\/index.php\/mostybeach-oferta-splywow-kajakowych-kajaki-pilica-maluszyn\/","og_site_name":"Sp\u0142ywy Kajakowe MostyBeach","article_modified_time":"2023-03-28T19:38:42+00:00","author":"admin","twitter_card":"summary_large_image","twitter_misc":{"Szacowany czas czytania":"1 minuta"},"schema":{"@context":"https:\/\/schema.org","@graph":[{"@type":"WebSite","@id":"http:\/\/mostybeach.pl\/#website","url":"http:\/\/mostybeach.pl\/","name":"Sp\u0142ywy Kajakowe MostyBeach","description":"Sp\u0142ywy kajakowe nad pilic\u0105, maluszyn, Wynajem Kajak\u00f3w, \u0141\u00f3dzkie, sp\u0142ywy kajakowe wycieczki, kajaki \u015bwi\u0119tokrzyskie, Wypo\u017cyczalnia Kajak\u00f3w, Sp\u0142ywy kajakowe Kielce, \u015awi\u0119tokrzyskie","potentialAction":[{"@type":"SearchAction","target":{"@type":"EntryPoint","urlTemplate":"http:\/\/mostybeach.pl\/?s={search_term_string}"},"query-input":"required name=search_term_string"}],"inLanguage":"pl-PL"},{"@type":"WebPage","@id":"https:\/\/mostybeach.pl\/index.php\/mostybeach-oferta-splywow-kajakowych-kajaki-pilica-maluszyn\/#webpage","url":"https:\/\/mostybeach.pl\/index.php\/mostybeach-oferta-splywow-kajakowych-kajaki-pilica-maluszyn\/","name":"Oferta - Sp\u0142ywy Kajakowe MostyBeach","isPartOf":{"@id":"http:\/\/mostybeach.pl\/#website"},"datePublished":"2022-07-01T11:24:58+00:00","dateModified":"2023-03-28T19:38:42+00:00","description":"Wypo\u017cyczalnia kajak\u00f3w, Sp\u0142ywy jednodniowe, Sp\u0142ywy weekendowe, Sp\u0142ywy tygodniowe , Sp\u0142ywy d\u0142ugo weekendowe, Sp\u0142ywy firmowe,","breadcrumb":{"@id":"https:\/\/mostybeach.pl\/index.php\/mostybeach-oferta-splywow-kajakowych-kajaki-pilica-maluszyn\/#breadcrumb"},"inLanguage":"pl-PL","potentialAction":[{"@type":"ReadAction","target":["https:\/\/mostybeach.pl\/index.php\/mostybeach-oferta-splywow-kajakowych-kajaki-pilica-maluszyn\/"]}]},{"@type":"BreadcrumbList","@id":"https:\/\/mostybeach.pl\/index.php\/mostybeach-oferta-splywow-kajakowych-kajaki-pilica-maluszyn\/#breadcrumb","itemListElement":[{"@type":"ListItem","position":1,"name":"Strona g\u0142\u00f3wna","item":"http:\/\/mostybeach.pl\/"},{"@type":"ListItem","position":2,"name":"Oferta"}]}]}},"_links":{"self":[{"href":"https:\/\/mostybeach.pl\/index.php\/wp-json\/wp\/v2\/pages\/1984","targetHints":{"allow":["GET"]}}],"collection":[{"href":"https:\/\/mostybeach.pl\/index.php\/wp-json\/wp\/v2\/pages"}],"about":[{"href":"https:\/\/mostybeach.pl\/index.php\/wp-json\/wp\/v2\/types\/page"}],"author":[{"embeddable":true,"href":"https:\/\/mostybeach.pl\/index.php\/wp-json\/wp\/v2\/users\/1"}],"replies":[{"embeddable":true,"href":"https:\/\/mostybeach.pl\/index.php\/wp-json\/wp\/v2\/comments?post=1984"}],"version-history":[{"count":6,"href":"https:\/\/mostybeach.pl\/index.php\/wp-json\/wp\/v2\/pages\/1984\/revisions"}],"predecessor-version":[{"id":2006,"href":"https:\/\/mostybeach.pl\/index.php\/wp-json\/wp\/v2\/pages\/1984\/revisions\/2006"}],"wp:attachment":[{"href":"https:\/\/mostybeach.pl\/index.php\/wp-json\/wp\/v2\/media?parent=1984"}],"curies":[{"name":"wp","href":"https:\/\/api.w.org\/{rel}","templated":true}]}}