{"id":1962,"date":"2022-07-01T13:03:39","date_gmt":"2022-07-01T11:03:39","guid":{"rendered":"http:\/\/mostybeach.pl\/?page_id=1962"},"modified":"2022-07-05T13:01:19","modified_gmt":"2022-07-05T11:01:19","slug":"galeria","status":"publish","type":"page","link":"https:\/\/mostybeach.pl\/index.php\/galeria\/","title":{"rendered":"Galeria"},"content":{"rendered":"<p>[vc_row full_width=&#8221;stretch_row&#8221; ef5_divider=&#8221;none&#8221;][vc_column background_color=&#8221;&#8221;][vc_gallery type=&#8221;image_grid&#8221; images=&#8221;1965,1966,1967,1968,1969,1970,1971,1972,1973&#8243; img_size=&#8221;medium&#8221;][\/vc_column][\/vc_row]<\/p>\n","protected":false},"excerpt":{"rendered":"<p>[vc_row full_width=&#8221;stretch_row&#8221; ef5_divider=&#8221;none&#8221;][vc_column background_color=&#8221;&#8221;][vc_gallery type=&#8221;image_grid&#8221; images=&#8221;1965,1966,1967,1968,1969,1970,1971,1972,1973&#8243; img_size=&#8221;medium&#8221;][\/vc_column][\/vc_row]<\/p>\n","protected":false},"author":1,"featured_media":0,"parent":0,"menu_order":0,"comment_status":"closed","ping_status":"closed","template":"","meta":{"footnotes":""},"class_list":["post-1962","page","type-page","status-publish","hentry"],"yoast_head":"<!-- This site is optimized with the Yoast SEO plugin v19.2 - https:\/\/yoast.com\/wordpress\/plugins\/seo\/ -->\n<title>Galeria - Sp\u0142ywy Kajakowe MostyBeach<\/title>\n<meta name=\"description\" content=\"Galeria zdj\u0119\u0107 sp\u0142ywy kajakowe Maluszyn, wypo\u017cyczalnia kajak\u00f3w, sp\u0142ywy jednodniowe, wypo\u017cyczalnia kajak\u00f3w, wycieczki rodzinne,\" \/>\n<meta name=\"robots\" content=\"index, follow, max-snippet:-1, max-image-preview:large, max-video-preview:-1\" \/>\n<link rel=\"canonical\" href=\"https:\/\/mostybeach.pl\/index.php\/galeria\/\" \/>\n<meta property=\"og:locale\" content=\"pl_PL\" \/>\n<meta property=\"og:type\" content=\"article\" \/>\n<meta property=\"og:title\" content=\"Galeria - Sp\u0142ywy Kajakowe MostyBeach\" \/>\n<meta property=\"og:description\" content=\"Galeria zdj\u0119\u0107 sp\u0142ywy kajakowe Maluszyn, wypo\u017cyczalnia kajak\u00f3w, sp\u0142ywy jednodniowe, wypo\u017cyczalnia kajak\u00f3w, wycieczki rodzinne,\" \/>\n<meta property=\"og:url\" content=\"https:\/\/mostybeach.pl\/index.php\/galeria\/\" \/>\n<meta property=\"og:site_name\" content=\"Sp\u0142ywy Kajakowe MostyBeach\" \/>\n<meta property=\"article:modified_time\" content=\"2022-07-05T11:01:19+00:00\" \/>\n<meta name=\"author\" content=\"admin\" \/>\n<meta name=\"twitter:card\" content=\"summary_large_image\" \/>\n<script type=\"application\/ld+json\" class=\"yoast-schema-graph\">{\"@context\":\"https:\/\/schema.org\",\"@graph\":[{\"@type\":\"WebSite\",\"@id\":\"http:\/\/mostybeach.pl\/#website\",\"url\":\"http:\/\/mostybeach.pl\/\",\"name\":\"Sp\u0142ywy Kajakowe MostyBeach\",\"description\":\"Sp\u0142ywy kajakowe nad pilic\u0105, maluszyn, Wynajem Kajak\u00f3w, \u0141\u00f3dzkie, sp\u0142ywy kajakowe wycieczki, kajaki \u015bwi\u0119tokrzyskie, Wypo\u017cyczalnia Kajak\u00f3w, Sp\u0142ywy kajakowe Kielce, \u015awi\u0119tokrzyskie\",\"potentialAction\":[{\"@type\":\"SearchAction\",\"target\":{\"@type\":\"EntryPoint\",\"urlTemplate\":\"http:\/\/mostybeach.pl\/?s={search_term_string}\"},\"query-input\":\"required name=search_term_string\"}],\"inLanguage\":\"pl-PL\"},{\"@type\":\"WebPage\",\"@id\":\"https:\/\/mostybeach.pl\/index.php\/galeria\/#webpage\",\"url\":\"https:\/\/mostybeach.pl\/index.php\/galeria\/\",\"name\":\"Galeria - Sp\u0142ywy Kajakowe MostyBeach\",\"isPartOf\":{\"@id\":\"http:\/\/mostybeach.pl\/#website\"},\"datePublished\":\"2022-07-01T11:03:39+00:00\",\"dateModified\":\"2022-07-05T11:01:19+00:00\",\"description\":\"Galeria zdj\u0119\u0107 sp\u0142ywy kajakowe Maluszyn, wypo\u017cyczalnia kajak\u00f3w, sp\u0142ywy jednodniowe, wypo\u017cyczalnia kajak\u00f3w, wycieczki rodzinne,\",\"breadcrumb\":{\"@id\":\"https:\/\/mostybeach.pl\/index.php\/galeria\/#breadcrumb\"},\"inLanguage\":\"pl-PL\",\"potentialAction\":[{\"@type\":\"ReadAction\",\"target\":[\"https:\/\/mostybeach.pl\/index.php\/galeria\/\"]}]},{\"@type\":\"BreadcrumbList\",\"@id\":\"https:\/\/mostybeach.pl\/index.php\/galeria\/#breadcrumb\",\"itemListElement\":[{\"@type\":\"ListItem\",\"position\":1,\"name\":\"Strona g\u0142\u00f3wna\",\"item\":\"http:\/\/mostybeach.pl\/\"},{\"@type\":\"ListItem\",\"position\":2,\"name\":\"Galeria\"}]}]}<\/script>\n<!-- \/ Yoast SEO plugin. -->","yoast_head_json":{"title":"Galeria - Sp\u0142ywy Kajakowe MostyBeach","description":"Galeria zdj\u0119\u0107 sp\u0142ywy kajakowe Maluszyn, wypo\u017cyczalnia kajak\u00f3w, sp\u0142ywy jednodniowe, wypo\u017cyczalnia kajak\u00f3w, wycieczki rodzinne,","robots":{"index":"index","follow":"follow","max-snippet":"max-snippet:-1","max-image-preview":"max-image-preview:large","max-video-preview":"max-video-preview:-1"},"canonical":"https:\/\/mostybeach.pl\/index.php\/galeria\/","og_locale":"pl_PL","og_type":"article","og_title":"Galeria - Sp\u0142ywy Kajakowe MostyBeach","og_description":"Galeria zdj\u0119\u0107 sp\u0142ywy kajakowe Maluszyn, wypo\u017cyczalnia kajak\u00f3w, sp\u0142ywy jednodniowe, wypo\u017cyczalnia kajak\u00f3w, wycieczki rodzinne,","og_url":"https:\/\/mostybeach.pl\/index.php\/galeria\/","og_site_name":"Sp\u0142ywy Kajakowe MostyBeach","article_modified_time":"2022-07-05T11:01:19+00:00","author":"admin","twitter_card":"summary_large_image","schema":{"@context":"https:\/\/schema.org","@graph":[{"@type":"WebSite","@id":"http:\/\/mostybeach.pl\/#website","url":"http:\/\/mostybeach.pl\/","name":"Sp\u0142ywy Kajakowe MostyBeach","description":"Sp\u0142ywy kajakowe nad pilic\u0105, maluszyn, Wynajem Kajak\u00f3w, \u0141\u00f3dzkie, sp\u0142ywy kajakowe wycieczki, kajaki \u015bwi\u0119tokrzyskie, Wypo\u017cyczalnia Kajak\u00f3w, Sp\u0142ywy kajakowe Kielce, \u015awi\u0119tokrzyskie","potentialAction":[{"@type":"SearchAction","target":{"@type":"EntryPoint","urlTemplate":"http:\/\/mostybeach.pl\/?s={search_term_string}"},"query-input":"required name=search_term_string"}],"inLanguage":"pl-PL"},{"@type":"WebPage","@id":"https:\/\/mostybeach.pl\/index.php\/galeria\/#webpage","url":"https:\/\/mostybeach.pl\/index.php\/galeria\/","name":"Galeria - Sp\u0142ywy Kajakowe MostyBeach","isPartOf":{"@id":"http:\/\/mostybeach.pl\/#website"},"datePublished":"2022-07-01T11:03:39+00:00","dateModified":"2022-07-05T11:01:19+00:00","description":"Galeria zdj\u0119\u0107 sp\u0142ywy kajakowe Maluszyn, wypo\u017cyczalnia kajak\u00f3w, sp\u0142ywy jednodniowe, wypo\u017cyczalnia kajak\u00f3w, wycieczki rodzinne,","breadcrumb":{"@id":"https:\/\/mostybeach.pl\/index.php\/galeria\/#breadcrumb"},"inLanguage":"pl-PL","potentialAction":[{"@type":"ReadAction","target":["https:\/\/mostybeach.pl\/index.php\/galeria\/"]}]},{"@type":"BreadcrumbList","@id":"https:\/\/mostybeach.pl\/index.php\/galeria\/#breadcrumb","itemListElement":[{"@type":"ListItem","position":1,"name":"Strona g\u0142\u00f3wna","item":"http:\/\/mostybeach.pl\/"},{"@type":"ListItem","position":2,"name":"Galeria"}]}]}},"_links":{"self":[{"href":"https:\/\/mostybeach.pl\/index.php\/wp-json\/wp\/v2\/pages\/1962","targetHints":{"allow":["GET"]}}],"collection":[{"href":"https:\/\/mostybeach.pl\/index.php\/wp-json\/wp\/v2\/pages"}],"about":[{"href":"https:\/\/mostybeach.pl\/index.php\/wp-json\/wp\/v2\/types\/page"}],"author":[{"embeddable":true,"href":"https:\/\/mostybeach.pl\/index.php\/wp-json\/wp\/v2\/users\/1"}],"replies":[{"embeddable":true,"href":"https:\/\/mostybeach.pl\/index.php\/wp-json\/wp\/v2\/comments?post=1962"}],"version-history":[{"count":7,"href":"https:\/\/mostybeach.pl\/index.php\/wp-json\/wp\/v2\/pages\/1962\/revisions"}],"predecessor-version":[{"id":1979,"href":"https:\/\/mostybeach.pl\/index.php\/wp-json\/wp\/v2\/pages\/1962\/revisions\/1979"}],"wp:attachment":[{"href":"https:\/\/mostybeach.pl\/index.php\/wp-json\/wp\/v2\/media?parent=1962"}],"curies":[{"name":"wp","href":"https:\/\/api.w.org\/{rel}","templated":true}]}}