{"id":152,"date":"2019-10-07T06:59:20","date_gmt":"2019-10-07T06:59:20","guid":{"rendered":"http:\/\/demo.exptheme.com\/overcome\/?page_id=152"},"modified":"2022-07-04T15:04:06","modified_gmt":"2022-07-04T13:04:06","slug":"kontakt","status":"publish","type":"page","link":"https:\/\/mostybeach.pl\/index.php\/kontakt\/","title":{"rendered":"Kontakt"},"content":{"rendered":"<p>[vc_row][vc_column ef5_background_color=&#8221;&#8221; offset=&#8221;vc_col-md-6&#8243;][vc_empty_space height=&#8221;82px&#8221;][ef5_heading layout_template=&#8221;9&#8243; small_heading_text=&#8221;&#8221; heading_text=&#8221;Formularz kontaktowy&#8221; add_heading_icon=&#8221;&#8221; show_heading2=&#8221;&#8221; show_heading3=&#8221;&#8221; subheading_text=&#8221;&#8221; desc_text=&#8221;Masz pytanie?&#8221;][vc_empty_space height=&#8221;30&#8243;]<div role=\"form\" class=\"wpcf7\" id=\"wpcf7-f1440-o1\" lang=\"en-US\" dir=\"ltr\">\n<div class=\"screen-reader-response\"><p role=\"status\" aria-live=\"polite\" aria-atomic=\"true\"><\/p> <ul><\/ul><\/div>\n<form action=\"\/index.php\/wp-json\/wp\/v2\/pages\/152#wpcf7-f1440-o1\" method=\"post\" class=\"wpcf7-form init\" novalidate=\"novalidate\" data-status=\"init\">\n<div style=\"display: none;\">\n<input type=\"hidden\" name=\"_wpcf7\" value=\"1440\" \/>\n<input type=\"hidden\" name=\"_wpcf7_version\" value=\"5.6\" \/>\n<input type=\"hidden\" name=\"_wpcf7_locale\" value=\"en_US\" \/>\n<input type=\"hidden\" name=\"_wpcf7_unit_tag\" value=\"wpcf7-f1440-o1\" \/>\n<input type=\"hidden\" name=\"_wpcf7_container_post\" value=\"0\" \/>\n<input type=\"hidden\" name=\"_wpcf7_posted_data_hash\" value=\"\" \/>\n<\/div>\n<div class=\"row\">\n<div class=\"col-md-6 mb-30\"><span class=\"wpcf7-form-control-wrap\" data-name=\"your-name\"><input type=\"text\" name=\"your-name\" value=\"\" size=\"40\" class=\"wpcf7-form-control wpcf7-text wpcf7-validates-as-required\" aria-required=\"true\" aria-invalid=\"false\" placeholder=\"Imi\u0119 i Nazwisko*\" \/><\/span> <\/div>\n<div class=\"col-md-6 mb-30\"> <span class=\"wpcf7-form-control-wrap\" data-name=\"your-email\"><input type=\"email\" name=\"your-email\" value=\"\" size=\"40\" class=\"wpcf7-form-control wpcf7-text wpcf7-email wpcf7-validates-as-required wpcf7-validates-as-email\" aria-required=\"true\" aria-invalid=\"false\" placeholder=\"Email*\" \/><\/span><\/div>\n<div class=\"col-12 mb-30\"><span class=\"wpcf7-form-control-wrap\" data-name=\"your-message\"><textarea name=\"your-message\" cols=\"40\" rows=\"10\" class=\"wpcf7-form-control wpcf7-textarea maxh-165\" aria-invalid=\"false\" placeholder=\"Wiadomo\u015b\u0107*\"><\/textarea><\/span><\/div>\n<div class=\"col-12\"><input type=\"submit\" value=\"Wy\u015blij\" class=\"wpcf7-form-control has-spinner wpcf7-submit ef5-btn ef5-btn-md accent fill minw-auto\" \/><\/div>\n<\/div>\n<div class=\"wpcf7-response-output\" aria-hidden=\"true\"><\/div><\/form><\/div>[\/vc_column][vc_column ef5_background_color=&#8221;&#8221; offset=&#8221;vc_col-md-6&#8243;][vc_empty_space height=&#8221;82px&#8221;][vc_column_text]<iframe loading=\"lazy\" style=\"border: 0;\" src=\"https:\/\/www.google.com\/maps\/embed?pb=!1m18!1m12!1m3!1d2515.933277737741!2d19.783649415747977!3d50.906450679540896!2m3!1f0!2f0!3f0!3m2!1i1024!2i768!4f13.1!3m3!1m2!1s0x47175dc1563fc45b%3A0x60751092215409bd!2sMosty%2049%2C%2097-532%20Mosty!5e0!3m2!1spl!2spl!4v1653641485521!5m2!1spl!2spl\" width=\"600\" height=\"450\" allowfullscreen=\"allowfullscreen\"><\/iframe>[\/vc_column_text][\/vc_column][\/vc_row][vc_row][vc_column][ef5_emptyspace values=&#8221;%5B%7B%22height%22%3A%2252px%22%7D%5D&#8221; el_id=&#8221;1653641791742-233adfc0-8231&#8243;][\/vc_column][\/vc_row]<\/p>\n","protected":false},"excerpt":{"rendered":"<p>[vc_row][vc_column ef5_background_color=&#8221;&#8221; offset=&#8221;vc_col-md-6&#8243;][vc_empty_space height=&#8221;82px&#8221;][ef5_heading layout_template=&#8221;9&#8243; small_heading_text=&#8221;&#8221; heading_text=&#8221;Formularz kontaktowy&#8221; add_heading_icon=&#8221;&#8221; show_heading2=&#8221;&#8221; show_heading3=&#8221;&#8221; subheading_text=&#8221;&#8221; desc_text=&#8221;Masz pytanie?&#8221;][vc_empty_space height=&#8221;30&#8243;][\/vc_column][vc_column ef5_background_color=&#8221;&#8221; offset=&#8221;vc_col-md-6&#8243;][vc_empty_space height=&#8221;82px&#8221;][vc_column_text][\/vc_column_text][\/vc_column][\/vc_row][vc_row][vc_column][ef5_emptyspace values=&#8221;%5B%7B%22height%22%3A%2252px%22%7D%5D&#8221; el_id=&#8221;1653641791742-233adfc0-8231&#8243;][\/vc_column][\/vc_row]<\/p>\n","protected":false},"author":1,"featured_media":0,"parent":0,"menu_order":15,"comment_status":"closed","ping_status":"closed","template":"template-parts\/page-builder.php","meta":{"footnotes":""},"class_list":["post-152","page","type-page","status-publish","hentry"],"yoast_head":"<!-- This site is optimized with the Yoast SEO plugin v19.2 - https:\/\/yoast.com\/wordpress\/plugins\/seo\/ -->\n<title>Kontakt - Sp\u0142ywy Kajakowe MostyBeach<\/title>\n<meta name=\"description\" content=\"Sp\u0142ywy Kajakowe \u015awi\u0119tokrzyskie , Wynajem Kajak\u00f3w, malmurzyn, sp\u0142ywy kajakowe, sprawd\u017a ofert\u0119, Sp\u0142ywy Jednodniowe, weekendowe, Wypo\u017cyczalnia Kajak\u00f3w z przewodnikiem\" \/>\n<meta name=\"robots\" content=\"index, follow, max-snippet:-1, max-image-preview:large, max-video-preview:-1\" \/>\n<link rel=\"canonical\" href=\"https:\/\/mostybeach.pl\/index.php\/kontakt\/\" \/>\n<meta property=\"og:locale\" content=\"pl_PL\" \/>\n<meta property=\"og:type\" content=\"article\" \/>\n<meta property=\"og:title\" content=\"Kontakt - Sp\u0142ywy Kajakowe MostyBeach\" \/>\n<meta property=\"og:description\" content=\"Sp\u0142ywy Kajakowe \u015awi\u0119tokrzyskie , Wynajem Kajak\u00f3w, malmurzyn, sp\u0142ywy kajakowe, sprawd\u017a ofert\u0119, Sp\u0142ywy Jednodniowe, weekendowe, Wypo\u017cyczalnia Kajak\u00f3w z przewodnikiem\" \/>\n<meta property=\"og:url\" content=\"https:\/\/mostybeach.pl\/index.php\/kontakt\/\" \/>\n<meta property=\"og:site_name\" content=\"Sp\u0142ywy Kajakowe MostyBeach\" \/>\n<meta property=\"article:modified_time\" content=\"2022-07-04T13:04:06+00:00\" \/>\n<meta name=\"author\" content=\"admin\" \/>\n<meta name=\"twitter:card\" content=\"summary_large_image\" \/>\n<script type=\"application\/ld+json\" class=\"yoast-schema-graph\">{\"@context\":\"https:\/\/schema.org\",\"@graph\":[{\"@type\":\"WebSite\",\"@id\":\"http:\/\/mostybeach.pl\/#website\",\"url\":\"http:\/\/mostybeach.pl\/\",\"name\":\"Sp\u0142ywy Kajakowe MostyBeach\",\"description\":\"Sp\u0142ywy kajakowe nad pilic\u0105, maluszyn, Wynajem Kajak\u00f3w, \u0141\u00f3dzkie, sp\u0142ywy kajakowe wycieczki, kajaki \u015bwi\u0119tokrzyskie, Wypo\u017cyczalnia Kajak\u00f3w, Sp\u0142ywy kajakowe Kielce, \u015awi\u0119tokrzyskie\",\"potentialAction\":[{\"@type\":\"SearchAction\",\"target\":{\"@type\":\"EntryPoint\",\"urlTemplate\":\"http:\/\/mostybeach.pl\/?s={search_term_string}\"},\"query-input\":\"required name=search_term_string\"}],\"inLanguage\":\"pl-PL\"},{\"@type\":\"WebPage\",\"@id\":\"https:\/\/mostybeach.pl\/index.php\/kontakt\/#webpage\",\"url\":\"https:\/\/mostybeach.pl\/index.php\/kontakt\/\",\"name\":\"Kontakt - Sp\u0142ywy Kajakowe MostyBeach\",\"isPartOf\":{\"@id\":\"http:\/\/mostybeach.pl\/#website\"},\"datePublished\":\"2019-10-07T06:59:20+00:00\",\"dateModified\":\"2022-07-04T13:04:06+00:00\",\"description\":\"Sp\u0142ywy Kajakowe \u015awi\u0119tokrzyskie , Wynajem Kajak\u00f3w, malmurzyn, sp\u0142ywy kajakowe, sprawd\u017a ofert\u0119, Sp\u0142ywy Jednodniowe, weekendowe, Wypo\u017cyczalnia Kajak\u00f3w z przewodnikiem\",\"breadcrumb\":{\"@id\":\"https:\/\/mostybeach.pl\/index.php\/kontakt\/#breadcrumb\"},\"inLanguage\":\"pl-PL\",\"potentialAction\":[{\"@type\":\"ReadAction\",\"target\":[\"https:\/\/mostybeach.pl\/index.php\/kontakt\/\"]}]},{\"@type\":\"BreadcrumbList\",\"@id\":\"https:\/\/mostybeach.pl\/index.php\/kontakt\/#breadcrumb\",\"itemListElement\":[{\"@type\":\"ListItem\",\"position\":1,\"name\":\"Strona g\u0142\u00f3wna\",\"item\":\"http:\/\/mostybeach.pl\/\"},{\"@type\":\"ListItem\",\"position\":2,\"name\":\"Kontakt\"}]}]}<\/script>\n<!-- \/ Yoast SEO plugin. -->","yoast_head_json":{"title":"Kontakt - Sp\u0142ywy Kajakowe MostyBeach","description":"Sp\u0142ywy Kajakowe \u015awi\u0119tokrzyskie , Wynajem Kajak\u00f3w, malmurzyn, sp\u0142ywy kajakowe, sprawd\u017a ofert\u0119, Sp\u0142ywy Jednodniowe, weekendowe, Wypo\u017cyczalnia Kajak\u00f3w z przewodnikiem","robots":{"index":"index","follow":"follow","max-snippet":"max-snippet:-1","max-image-preview":"max-image-preview:large","max-video-preview":"max-video-preview:-1"},"canonical":"https:\/\/mostybeach.pl\/index.php\/kontakt\/","og_locale":"pl_PL","og_type":"article","og_title":"Kontakt - Sp\u0142ywy Kajakowe MostyBeach","og_description":"Sp\u0142ywy Kajakowe \u015awi\u0119tokrzyskie , Wynajem Kajak\u00f3w, malmurzyn, sp\u0142ywy kajakowe, sprawd\u017a ofert\u0119, Sp\u0142ywy Jednodniowe, weekendowe, Wypo\u017cyczalnia Kajak\u00f3w z przewodnikiem","og_url":"https:\/\/mostybeach.pl\/index.php\/kontakt\/","og_site_name":"Sp\u0142ywy Kajakowe MostyBeach","article_modified_time":"2022-07-04T13:04:06+00:00","author":"admin","twitter_card":"summary_large_image","schema":{"@context":"https:\/\/schema.org","@graph":[{"@type":"WebSite","@id":"http:\/\/mostybeach.pl\/#website","url":"http:\/\/mostybeach.pl\/","name":"Sp\u0142ywy Kajakowe MostyBeach","description":"Sp\u0142ywy kajakowe nad pilic\u0105, maluszyn, Wynajem Kajak\u00f3w, \u0141\u00f3dzkie, sp\u0142ywy kajakowe wycieczki, kajaki \u015bwi\u0119tokrzyskie, Wypo\u017cyczalnia Kajak\u00f3w, Sp\u0142ywy kajakowe Kielce, \u015awi\u0119tokrzyskie","potentialAction":[{"@type":"SearchAction","target":{"@type":"EntryPoint","urlTemplate":"http:\/\/mostybeach.pl\/?s={search_term_string}"},"query-input":"required name=search_term_string"}],"inLanguage":"pl-PL"},{"@type":"WebPage","@id":"https:\/\/mostybeach.pl\/index.php\/kontakt\/#webpage","url":"https:\/\/mostybeach.pl\/index.php\/kontakt\/","name":"Kontakt - Sp\u0142ywy Kajakowe MostyBeach","isPartOf":{"@id":"http:\/\/mostybeach.pl\/#website"},"datePublished":"2019-10-07T06:59:20+00:00","dateModified":"2022-07-04T13:04:06+00:00","description":"Sp\u0142ywy Kajakowe \u015awi\u0119tokrzyskie , Wynajem Kajak\u00f3w, malmurzyn, sp\u0142ywy kajakowe, sprawd\u017a ofert\u0119, Sp\u0142ywy Jednodniowe, weekendowe, Wypo\u017cyczalnia Kajak\u00f3w z przewodnikiem","breadcrumb":{"@id":"https:\/\/mostybeach.pl\/index.php\/kontakt\/#breadcrumb"},"inLanguage":"pl-PL","potentialAction":[{"@type":"ReadAction","target":["https:\/\/mostybeach.pl\/index.php\/kontakt\/"]}]},{"@type":"BreadcrumbList","@id":"https:\/\/mostybeach.pl\/index.php\/kontakt\/#breadcrumb","itemListElement":[{"@type":"ListItem","position":1,"name":"Strona g\u0142\u00f3wna","item":"http:\/\/mostybeach.pl\/"},{"@type":"ListItem","position":2,"name":"Kontakt"}]}]}},"_links":{"self":[{"href":"https:\/\/mostybeach.pl\/index.php\/wp-json\/wp\/v2\/pages\/152","targetHints":{"allow":["GET"]}}],"collection":[{"href":"https:\/\/mostybeach.pl\/index.php\/wp-json\/wp\/v2\/pages"}],"about":[{"href":"https:\/\/mostybeach.pl\/index.php\/wp-json\/wp\/v2\/types\/page"}],"author":[{"embeddable":true,"href":"https:\/\/mostybeach.pl\/index.php\/wp-json\/wp\/v2\/users\/1"}],"replies":[{"embeddable":true,"href":"https:\/\/mostybeach.pl\/index.php\/wp-json\/wp\/v2\/comments?post=152"}],"version-history":[{"count":5,"href":"https:\/\/mostybeach.pl\/index.php\/wp-json\/wp\/v2\/pages\/152\/revisions"}],"predecessor-version":[{"id":2005,"href":"https:\/\/mostybeach.pl\/index.php\/wp-json\/wp\/v2\/pages\/152\/revisions\/2005"}],"wp:attachment":[{"href":"https:\/\/mostybeach.pl\/index.php\/wp-json\/wp\/v2\/media?parent=152"}],"curies":[{"name":"wp","href":"https:\/\/api.w.org\/{rel}","templated":true}]}}