{"id":103,"date":"2019-10-07T06:46:28","date_gmt":"2019-10-07T06:46:28","guid":{"rendered":"http:\/\/demo.exptheme.com\/overcome\/?page_id=103"},"modified":"2023-03-28T20:35:22","modified_gmt":"2023-03-28T18:35:22","slug":"home-01","status":"publish","type":"page","link":"https:\/\/mostybeach.pl\/","title":{"rendered":"Home"},"content":{"rendered":"<p>[vc_row full_width=&#8221;stretch_row_content_no_spaces&#8221; ef5_divider=&#8221;none&#8221;][vc_column background_color=&#8221;&#8221;]\n\t\t\t<!-- START Home 01 REVOLUTION SLIDER 6.5.21 --><p class=\"rs-p-wp-fix\"><\/p>\n\t\t\t<rs-module-wrap id=\"rev_slider_1_1_wrapper\" data-source=\"gallery\" style=\"visibility:hidden;background:transparent;padding:0;margin:0px auto;margin-top:0;margin-bottom:0;\">\n\t\t\t\t<rs-module id=\"rev_slider_1_1\" style=\"\" data-version=\"6.5.21\">\n\t\t\t\t\t<rs-slides>\n\t\t\t\t\t\t<rs-slide style=\"position: absolute;\" data-key=\"rs-1\" data-title=\"Slide\" data-in=\"o:0;\" data-out=\"a:false;\">\n\t\t\t\t\t\t\t<img decoding=\"async\" src=\"\/\/mostybeach.pl\/wp-content\/plugins\/revslider\/public\/assets\/assets\/dummy.png\" alt=\"\" class=\"rev-slidebg tp-rs-img rs-lazyload\" data-lazyload=\"\/\/mostybeach.pl\/wp-content\/uploads\/2022\/05\/couple-together-kayaking-river-scaled.jpg\" data-bg=\"p:center top;\" data-parallax=\"off\" data-no-retina>\n<!--\n\t\t\t\t\t\t\t--><rs-group\n\t\t\t\t\t\t\t\tid=\"slider-1-slide-1-layer-8\" \n\t\t\t\t\t\t\t\tdata-type=\"group\"\n\t\t\t\t\t\t\t\tdata-xy=\"x:c;xo:-10px,12px,2px,0;yo:517px,431px,371px,293px;\"\n\t\t\t\t\t\t\t\tdata-text=\"w:normal;s:20,16,12,4;l:0,20,15,6;\"\n\t\t\t\t\t\t\t\tdata-dim=\"w:430px,430px,430px,200px;h:56px,56px,56px,100%;\"\n\t\t\t\t\t\t\t\tdata-rsp_bd=\"off\"\n\t\t\t\t\t\t\t\tdata-frame_0=\"o:1;\"\n\t\t\t\t\t\t\t\tdata-frame_999=\"o:0;st:w;sR:8700;sA:9000;\"\n\t\t\t\t\t\t\t\tstyle=\"z-index:15;\"\n\t\t\t\t\t\t\t><!--\n\t\t\t\t\t\t\t\t--><a\n\t\t\t\t\t\t\t\t\tid=\"slider-1-slide-1-layer-9\" \n\t\t\t\t\t\t\t\t\tclass=\"rs-layer rev-btn\"\n\t\t\t\t\t\t\t\t\thref=\"?page_id=117\" target=\"_self\" rel=\"nofollow\"\n\t\t\t\t\t\t\t\t\tdata-type=\"button\"\n\t\t\t\t\t\t\t\t\tdata-xy=\"x:l,l,l,c;xo:42px,42px,42px,0;\"\n\t\t\t\t\t\t\t\t\tdata-text=\"w:normal;s:14;l:52;fw:500;a:center;\"\n\t\t\t\t\t\t\t\t\tdata-dim=\"w:auto,auto,auto,200px;minh:0,none,none,none;\"\n\t\t\t\t\t\t\t\t\tdata-rsp_o=\"off\"\n\t\t\t\t\t\t\t\t\tdata-rsp_bd=\"off\"\n\t\t\t\t\t\t\t\t\tdata-padding=\"r:41,41,41,40;l:41,41,41,40;\"\n\t\t\t\t\t\t\t\t\tdata-border=\"bos:solid;boc:#f5b91b;bow:2px,2px,2px,2px;bor:28px,28px,28px,28px;\"\n\t\t\t\t\t\t\t\t\tdata-frame_0=\"x:-50;\"\n\t\t\t\t\t\t\t\t\tdata-frame_1=\"st:3460;sp:1000;sR:3460;\"\n\t\t\t\t\t\t\t\t\tdata-frame_999=\"o:0;st:w;sR:4540;\"\n\t\t\t\t\t\t\t\t\tdata-frame_hover=\"c:#fff;bgc:transparent;boc:#f5b91b;bor:28px,28px,28px,28px;bos:solid;bow:2px,2px,2px,2px;\"\n\t\t\t\t\t\t\t\t\tstyle=\"z-index:14;background-color:#f5b91b;font-family:'Poppins';text-transform:uppercase;\"\n\t\t\t\t\t\t\t\t>OFERTA \n\t\t\t\t\t\t\t\t<\/a><!--\n\n\t\t\t\t\t\t\t\t--><a\n\t\t\t\t\t\t\t\t\tid=\"slider-1-slide-1-layer-10\" \n\t\t\t\t\t\t\t\t\tclass=\"rs-layer rev-btn\"\n\t\t\t\t\t\t\t\t\thref=\"?page_id=128\" target=\"_self\" rel=\"nofollow\"\n\t\t\t\t\t\t\t\t\tdata-type=\"button\"\n\t\t\t\t\t\t\t\t\tdata-xy=\"x:l,l,l,c;xo:239px,239px,239px,0;yo:0,0,0,70px;\"\n\t\t\t\t\t\t\t\t\tdata-text=\"w:normal;s:14;l:52;fw:500;a:center;\"\n\t\t\t\t\t\t\t\t\tdata-dim=\"w:auto,auto,auto,200px;minh:0,none,none,none;\"\n\t\t\t\t\t\t\t\t\tdata-rsp_o=\"off\"\n\t\t\t\t\t\t\t\t\tdata-rsp_bd=\"off\"\n\t\t\t\t\t\t\t\t\tdata-padding=\"r:43;l:43;\"\n\t\t\t\t\t\t\t\t\tdata-border=\"bos:solid;boc:#f5b91b;bow:2px,2px,2px,2px;bor:28px,28px,28px,26px;\"\n\t\t\t\t\t\t\t\t\tdata-frame_0=\"x:50;\"\n\t\t\t\t\t\t\t\t\tdata-frame_1=\"st:3450;sp:1000;sR:3450;\"\n\t\t\t\t\t\t\t\t\tdata-frame_999=\"o:0;st:w;sR:4550;\"\n\t\t\t\t\t\t\t\t\tdata-frame_hover=\"c:#fff;bgc:#f5b91b;boc:#f5b91b;bor:28px,28px,28px,28px;bos:solid;bow:2px,2px,2px,2px;\"\n\t\t\t\t\t\t\t\t\tstyle=\"z-index:12;font-family:'Poppins';text-transform:uppercase;\"\n\t\t\t\t\t\t\t\t>KONTAKT \n\t\t\t\t\t\t\t\t<\/a><!--\n\t\t\t\t\t\t\t--><\/rs-group><!--\n\n\t\t\t\t\t\t\t--><rs-group\n\t\t\t\t\t\t\t\tid=\"slider-1-slide-1-layer-13\" \n\t\t\t\t\t\t\t\tdata-type=\"group\"\n\t\t\t\t\t\t\t\tdata-rsp_ch=\"on\"\n\t\t\t\t\t\t\t\tdata-xy=\"x:c;y:m;\"\n\t\t\t\t\t\t\t\tdata-text=\"w:normal;s:20,16,12,4;l:0,20,15,6;\"\n\t\t\t\t\t\t\t\tdata-dim=\"w:100%;h:270px,236px,261px,271px;\"\n\t\t\t\t\t\t\t\tdata-frame_0=\"o:1;\"\n\t\t\t\t\t\t\t\tdata-frame_999=\"o:0;st:w;sA:9000;\"\n\t\t\t\t\t\t\t\tstyle=\"z-index:11;\"\n\t\t\t\t\t\t\t><!--\n\t\t\t\t\t\t\t\t--><rs-layer\n\t\t\t\t\t\t\t\t\tid=\"slider-1-slide-1-layer-7\" \n\t\t\t\t\t\t\t\t\tdata-type=\"text\"\n\t\t\t\t\t\t\t\t\tdata-color=\"#fff\"\n\t\t\t\t\t\t\t\t\tdata-xy=\"x:c;xo:-3px,0,0,0;yo:101px,23px,41px,9px;\"\n\t\t\t\t\t\t\t\t\tdata-text=\"w:normal;s:60,50,50,30;l:68,60,60,36;fw:700;a:center;\"\n\t\t\t\t\t\t\t\t\tdata-dim=\"w:746.531px,746px,746px,100%;minh:0px,none,none,none;\"\n\t\t\t\t\t\t\t\t\tdata-rsp_bd=\"off\"\n\t\t\t\t\t\t\t\t\tdata-padding=\"r:0,0,0,15;l:0,0,0,15;\"\n\t\t\t\t\t\t\t\t\tdata-frame_0=\"rX:70deg;oZ:-50;\"\n\t\t\t\t\t\t\t\t\tdata-frame_0_chars=\"d:5;y:cyc(-100||100);o:0;\"\n\t\t\t\t\t\t\t\t\tdata-frame_1=\"oZ:-50;e:power4.inOut;sp:1750;\"\n\t\t\t\t\t\t\t\t\tdata-frame_1_chars=\"e:power4.inOut;dir:middletoedge;d:10;\"\n\t\t\t\t\t\t\t\t\tdata-frame_999=\"y:0;o:0;rX:70deg;oZ:-50;e:power4.inOut;st:w;sp:1750;sR:5450;\"\n\t\t\t\t\t\t\t\t\tdata-frame_999_chars=\"e:power4.inOut;dir:middletoedge;d:10;y:cyc(-100||100);o:0;\"\n\t\t\t\t\t\t\t\t\tstyle=\"z-index:9;font-family:'Poppins';text-transform:uppercase;\"\n\t\t\t\t\t\t\t\t>SP\u0141YWY KAJAKOWE \n\t\t\t\t\t\t\t\t<\/rs-layer><!--\n\t\t\t\t\t\t\t--><\/rs-group><!--\n\n\t\t\t\t\t\t\t--><rs-layer\n\t\t\t\t\t\t\t\tid=\"slider-1-slide-1-layer-0\" \n\t\t\t\t\t\t\t\tdata-type=\"shape\"\n\t\t\t\t\t\t\t\tdata-rsp_ch=\"on\"\n\t\t\t\t\t\t\t\tdata-xy=\"x:c;y:m;\"\n\t\t\t\t\t\t\t\tdata-text=\"w:normal;s:20,16,12,4;l:0,20,15,6;\"\n\t\t\t\t\t\t\t\tdata-dim=\"w:100%;h:100%;\"\n\t\t\t\t\t\t\t\tdata-basealign=\"slide\"\n\t\t\t\t\t\t\t\tdata-frame_999=\"o:0;st:w;\"\n\t\t\t\t\t\t\t\tstyle=\"z-index:8;background-color:rgba(0,0,0,0.5);\"\n\t\t\t\t\t\t\t><rs-bg-elem style=\"background: url('\/\/mostybeach.pl\/wp-content\/uploads\/2022\/05\/couple-together-kayaking-river-scaled.jpg') no-repeat center center; background-size: cover;\"><\/rs-bg-elem>\n \n\t\t\t\t\t\t\t<\/rs-layer><!--\n-->\t\t\t\t\t\t<\/rs-slide>\n\t\t\t\t\t\t<rs-slide style=\"position: absolute;\" data-key=\"rs-11\" data-title=\"Slide\" data-in=\"o:0;\" data-out=\"a:false;\">\n\t\t\t\t\t\t\t<img decoding=\"async\" src=\"\/\/mostybeach.pl\/wp-content\/plugins\/revslider\/public\/assets\/assets\/dummy.png\" alt=\"\" class=\"rev-slidebg tp-rs-img rs-lazyload\" data-lazyload=\"\/\/mostybeach.pl\/wp-content\/uploads\/2022\/05\/couple-together-kayaking-river-scaled.jpg\" data-bg=\"p:center top;\" data-parallax=\"off\" data-no-retina>\n<!--\n\t\t\t\t\t\t\t--><rs-group\n\t\t\t\t\t\t\t\tid=\"slider-1-slide-11-layer-8\" \n\t\t\t\t\t\t\t\tdata-type=\"group\"\n\t\t\t\t\t\t\t\tdata-xy=\"x:c;xo:-10px,12px,2px,0;yo:517px,431px,371px,293px;\"\n\t\t\t\t\t\t\t\tdata-text=\"w:normal;s:20,16,12,4;l:0,20,15,6;\"\n\t\t\t\t\t\t\t\tdata-dim=\"w:430px,430px,430px,200px;h:56px,56px,56px,100%;\"\n\t\t\t\t\t\t\t\tdata-rsp_bd=\"off\"\n\t\t\t\t\t\t\t\tdata-frame_0=\"o:1;\"\n\t\t\t\t\t\t\t\tdata-frame_999=\"o:0;st:w;sR:8700;sA:9000;\"\n\t\t\t\t\t\t\t\tstyle=\"z-index:15;\"\n\t\t\t\t\t\t\t><!--\n\t\t\t\t\t\t\t\t--><a\n\t\t\t\t\t\t\t\t\tid=\"slider-1-slide-11-layer-9\" \n\t\t\t\t\t\t\t\t\tclass=\"rs-layer rev-btn\"\n\t\t\t\t\t\t\t\t\thref=\"?page_id=117\" target=\"_self\" rel=\"nofollow\"\n\t\t\t\t\t\t\t\t\tdata-type=\"button\"\n\t\t\t\t\t\t\t\t\tdata-xy=\"x:l,l,l,c;xo:42px,42px,42px,0;\"\n\t\t\t\t\t\t\t\t\tdata-text=\"w:normal;s:14;l:52;fw:500;a:center;\"\n\t\t\t\t\t\t\t\t\tdata-dim=\"w:auto,auto,auto,200px;minh:0,none,none,none;\"\n\t\t\t\t\t\t\t\t\tdata-rsp_o=\"off\"\n\t\t\t\t\t\t\t\t\tdata-rsp_bd=\"off\"\n\t\t\t\t\t\t\t\t\tdata-padding=\"r:41,41,41,40;l:41,41,41,40;\"\n\t\t\t\t\t\t\t\t\tdata-border=\"bos:solid;boc:#f5b91b;bow:2px,2px,2px,2px;bor:28px,28px,28px,28px;\"\n\t\t\t\t\t\t\t\t\tdata-frame_0=\"x:-50;\"\n\t\t\t\t\t\t\t\t\tdata-frame_1=\"st:3460;sp:1000;sR:3460;\"\n\t\t\t\t\t\t\t\t\tdata-frame_999=\"o:0;st:w;sR:4540;\"\n\t\t\t\t\t\t\t\t\tdata-frame_hover=\"c:#fff;bgc:transparent;boc:#f5b91b;bor:28px,28px,28px,28px;bos:solid;bow:2px,2px,2px,2px;\"\n\t\t\t\t\t\t\t\t\tstyle=\"z-index:14;background-color:#f5b91b;font-family:'Poppins';text-transform:uppercase;\"\n\t\t\t\t\t\t\t\t>OFERTA \n\t\t\t\t\t\t\t\t<\/a><!--\n\n\t\t\t\t\t\t\t\t--><a\n\t\t\t\t\t\t\t\t\tid=\"slider-1-slide-11-layer-10\" \n\t\t\t\t\t\t\t\t\tclass=\"rs-layer rev-btn\"\n\t\t\t\t\t\t\t\t\thref=\"?page_id=128\" target=\"_self\" rel=\"nofollow\"\n\t\t\t\t\t\t\t\t\tdata-type=\"button\"\n\t\t\t\t\t\t\t\t\tdata-xy=\"x:l,l,l,c;xo:239px,239px,239px,0;yo:0,0,0,70px;\"\n\t\t\t\t\t\t\t\t\tdata-text=\"w:normal;s:14;l:52;fw:500;a:center;\"\n\t\t\t\t\t\t\t\t\tdata-dim=\"w:auto,auto,auto,200px;minh:0,none,none,none;\"\n\t\t\t\t\t\t\t\t\tdata-rsp_o=\"off\"\n\t\t\t\t\t\t\t\t\tdata-rsp_bd=\"off\"\n\t\t\t\t\t\t\t\t\tdata-padding=\"r:43;l:43;\"\n\t\t\t\t\t\t\t\t\tdata-border=\"bos:solid;boc:#f5b91b;bow:2px,2px,2px,2px;bor:28px,28px,28px,26px;\"\n\t\t\t\t\t\t\t\t\tdata-frame_0=\"x:50;\"\n\t\t\t\t\t\t\t\t\tdata-frame_1=\"st:3450;sp:1000;sR:3450;\"\n\t\t\t\t\t\t\t\t\tdata-frame_999=\"o:0;st:w;sR:4550;\"\n\t\t\t\t\t\t\t\t\tdata-frame_hover=\"c:#fff;bgc:#f5b91b;boc:#f5b91b;bor:28px,28px,28px,28px;bos:solid;bow:2px,2px,2px,2px;\"\n\t\t\t\t\t\t\t\t\tstyle=\"z-index:12;font-family:'Poppins';text-transform:uppercase;\"\n\t\t\t\t\t\t\t\t>KONTAKT \n\t\t\t\t\t\t\t\t<\/a><!--\n\t\t\t\t\t\t\t--><\/rs-group><!--\n\n\t\t\t\t\t\t\t--><rs-group\n\t\t\t\t\t\t\t\tid=\"slider-1-slide-11-layer-13\" \n\t\t\t\t\t\t\t\tdata-type=\"group\"\n\t\t\t\t\t\t\t\tdata-rsp_ch=\"on\"\n\t\t\t\t\t\t\t\tdata-xy=\"x:c;y:m;\"\n\t\t\t\t\t\t\t\tdata-text=\"w:normal;s:20,16,12,4;l:0,20,15,6;\"\n\t\t\t\t\t\t\t\tdata-dim=\"w:100%;h:270px,236px,261px,271px;\"\n\t\t\t\t\t\t\t\tdata-frame_0=\"o:1;\"\n\t\t\t\t\t\t\t\tdata-frame_999=\"o:0;st:w;sA:9000;\"\n\t\t\t\t\t\t\t\tstyle=\"z-index:11;\"\n\t\t\t\t\t\t\t><!--\n\t\t\t\t\t\t\t\t--><rs-layer\n\t\t\t\t\t\t\t\t\tid=\"slider-1-slide-11-layer-7\" \n\t\t\t\t\t\t\t\t\tdata-type=\"text\"\n\t\t\t\t\t\t\t\t\tdata-color=\"#fff\"\n\t\t\t\t\t\t\t\t\tdata-xy=\"x:c;xo:-3px,0,0,0;yo:101px,23px,41px,9px;\"\n\t\t\t\t\t\t\t\t\tdata-text=\"w:normal;s:60,50,50,30;l:68,60,60,36;fw:700;a:center;\"\n\t\t\t\t\t\t\t\t\tdata-dim=\"w:746.531px,746px,746px,100%;minh:0px,none,none,none;\"\n\t\t\t\t\t\t\t\t\tdata-rsp_bd=\"off\"\n\t\t\t\t\t\t\t\t\tdata-padding=\"r:0,0,0,15;l:0,0,0,15;\"\n\t\t\t\t\t\t\t\t\tdata-frame_0=\"rX:70deg;oZ:-50;\"\n\t\t\t\t\t\t\t\t\tdata-frame_0_chars=\"d:5;y:cyc(-100||100);o:0;\"\n\t\t\t\t\t\t\t\t\tdata-frame_1=\"oZ:-50;e:power4.inOut;sp:1750;\"\n\t\t\t\t\t\t\t\t\tdata-frame_1_chars=\"e:power4.inOut;dir:middletoedge;d:10;\"\n\t\t\t\t\t\t\t\t\tdata-frame_999=\"y:0;o:0;rX:70deg;oZ:-50;e:power4.inOut;st:w;sp:1750;sR:5450;\"\n\t\t\t\t\t\t\t\t\tdata-frame_999_chars=\"e:power4.inOut;dir:middletoedge;d:10;y:cyc(-100||100);o:0;\"\n\t\t\t\t\t\t\t\t\tstyle=\"z-index:9;font-family:'Poppins';text-transform:uppercase;\"\n\t\t\t\t\t\t\t\t>SP\u0141YWY KAJAKOWE \n\t\t\t\t\t\t\t\t<\/rs-layer><!--\n\t\t\t\t\t\t\t--><\/rs-group><!--\n\n\t\t\t\t\t\t\t--><rs-layer\n\t\t\t\t\t\t\t\tid=\"slider-1-slide-11-layer-0\" \n\t\t\t\t\t\t\t\tdata-type=\"shape\"\n\t\t\t\t\t\t\t\tdata-rsp_ch=\"on\"\n\t\t\t\t\t\t\t\tdata-xy=\"x:c;y:m;\"\n\t\t\t\t\t\t\t\tdata-text=\"w:normal;s:20,16,12,4;l:0,20,15,6;\"\n\t\t\t\t\t\t\t\tdata-dim=\"w:100%;h:100%;\"\n\t\t\t\t\t\t\t\tdata-basealign=\"slide\"\n\t\t\t\t\t\t\t\tdata-frame_999=\"o:0;st:w;\"\n\t\t\t\t\t\t\t\tstyle=\"z-index:8;background-color:rgba(0,0,0,0.5);\"\n\t\t\t\t\t\t\t><rs-bg-elem style=\"background: url('\/\/mostybeach.pl\/wp-content\/uploads\/2022\/05\/couple-together-kayaking-river-scaled.jpg') no-repeat center center; background-size: cover;\"><\/rs-bg-elem>\n \n\t\t\t\t\t\t\t<\/rs-layer><!--\n-->\t\t\t\t\t\t<\/rs-slide>\n\t\t\t\t\t<\/rs-slides>\n\t\t\t\t\t<rs-static-layers><!--\n\t\t\t\t\t--><\/rs-static-layers>\n\t\t\t\t<\/rs-module>\n\t\t\t\t<script>\n\t\t\t\t\tsetREVStartSize({c: 'rev_slider_1_1',rl:[1240,1024,778,480],el:[920,800,600,480],gw:[1240,1024,778,320],gh:[920,800,600,480],type:'standard',justify:'',layout:'fullwidth',mh:\"0\"});if (window.RS_MODULES!==undefined && window.RS_MODULES.modules!==undefined && window.RS_MODULES.modules[\"revslider11\"]!==undefined) {window.RS_MODULES.modules[\"revslider11\"].once = false;window.revapi1 = undefined;if (window.RS_MODULES.checkMinimal!==undefined) window.RS_MODULES.checkMinimal()}\n\t\t\t\t<\/script>\n\t\t\t<\/rs-module-wrap>\n\t\t\t<!-- END REVOLUTION SLIDER -->\n[\/vc_column][\/vc_row][vc_row remove_overflow=&#8221;&#8221; ef5_padding=&#8221;100-0&#8243; ef5_divider=&#8221;none&#8221;][vc_column background_color=&#8221;&#8221; offset=&#8221;vc_col-lg-6 vc_col-md-6&#8243;][ef5_emptyspace values=&#8221;%5B%7B%22screen_size_min%22%3A%22992%22%2C%22height%22%3A%2215%22%7D%5D&#8221; el_id=&#8221;1579248933592-70ec07e3-c1d9&#8243;][ef5_heading small_heading_text=&#8221;O NAS&#8221; heading_text=&#8221;Zapewnimy Ci niesamowite wra\u017cenia nad wod\u0105!&#8221; add_heading_icon=&#8221;&#8221; show_heading2=&#8221;&#8221; show_heading3=&#8221;&#8221; subheading_text=&#8221;&#8221; desc_text=&#8221;Wyprawa kajakiem to jedno z najpi\u0119kniejszych dozna\u0144. My osobi\u015bcie polecamy Maluszyn. Rzeka od tego miejsca ma wiele do zaoferowania, liczne zakr\u0119ty, przepi\u0119kne widoki, powalone drzewa stanowi\u0105ce naturalne przeszkody podczas sp\u0142ywu (ca\u0142\u0105 tras\u0119 mo\u017cna przep\u0142yn\u0105\u0107 bez wychodzenia z kajaka i przenoszenia go). Po drodze znajduj\u0105 si\u0119 miejsca przeznaczone na ognisko i chwil\u0119 odpoczynku, sklepy.&#8221;][ef5_emptyspace values=&#8221;%5B%7B%22height%22%3A%2235%22%7D%5D&#8221; el_id=&#8221;1570503341552-2169e0a9-16b0&#8243;][vc_empty_space height=&#8221;27px&#8221;][ef5_button btn_text=&#8221;WI\u0118CEJ INFORMACJI&#8221; button_link=&#8221;url:http%3A%2F%2Fmostybeach.pl%2Findex.php%2Foferta%2F|title:Oferta&#8221; add_icon=&#8221;&#8221;][vc_empty_space height=&#8221;27px&#8221;][ef5_counter counter_column=&#8221;3&#8243; title1=&#8221;Kajak\u00f3w&#8221; digit1=&#8221;50&#8243; suffix1=&#8221;+&#8221; add_icon1=&#8221;&#8221; title2=&#8221;Turyst\u00f3w&#8221; digit2=&#8221;150&#8243; suffix2=&#8221;+&#8221; add_icon2=&#8221;&#8221; title3=&#8221;Wycieczek&#8221; digit3=&#8221;100&#8243; suffix3=&#8221;+&#8221; add_icon3=&#8221;&#8221; el_id=&#8221;1570503762879-0002c485-6b78&#8243;][ef5_emptyspace values=&#8221;%5B%7B%22screen_size_max%22%3A%22991%22%2C%22height%22%3A%22100%22%7D%5D&#8221; el_id=&#8221;1571280572590-53ec79f5-ebb6&#8243;][\/vc_column][vc_column background_color=&#8221;&#8221; offset=&#8221;vc_col-lg-6 vc_col-md-6&#8243;][vc_single_image image=&#8221;1937&#8243; img_size=&#8221;large&#8221; style=&#8221;vc_box_rounded&#8221; onclick=&#8221;link_image&#8221;][vc_row_inner remove_overflow=&#8221;&#8221; ef5_gutter=&#8221;20&#8243; ef5_background_color=&#8221;&#8221; ef5_divider=&#8221;none&#8221; el_class=&#8221;gutters-20&#8243;][vc_column_inner width=&#8221;1\/2&#8243;][vc_empty_space height=&#8221;20px&#8221;][vc_single_image image=&#8221;1935&#8243; img_size=&#8221;medium&#8221; style=&#8221;vc_box_rounded&#8221; onclick=&#8221;link_image&#8221;][\/vc_column_inner][vc_column_inner width=&#8221;1\/2&#8243;][vc_empty_space height=&#8221;20px&#8221;][vc_single_image image=&#8221;1936&#8243; img_size=&#8221;medium&#8221; style=&#8221;vc_box_rounded&#8221; onclick=&#8221;link_image&#8221;][\/vc_column_inner][\/vc_row_inner][\/vc_column][\/vc_row][vc_row full_width=&#8221;stretch_row&#8221; parallax=&#8221;content-moving&#8221; parallax_image=&#8221;1931&#8243; remove_overflow=&#8221;&#8221; parallax_overlay=&#8221;rgba(252,185,0,0.56)&#8221; ef5_padding=&#8221;100-0&#8243; ef5_divider=&#8221;none&#8221;][vc_column][vc_empty_space height=&#8221;17px&#8221;][ef5_heading layout_template=&#8221;3&#8243; content_align=&#8221;text-center&#8221; small_heading_text=&#8221;&#8221; heading_text=&#8221;TWOJA PRZYGODA<br \/>\nZACZYNA SI\u0118 OD JEDNEGO TELEFONU&#8221; text_color_opts=&#8221;white&#8221; ef5_size=&#8221;34&#8243; add_heading_icon=&#8221;&#8221; show_heading2=&#8221;&#8221; show_heading3=&#8221;&#8221; subheading_text=&#8221;&#8221; desc_text=&#8221;&#8221; button_link=&#8221;url:http%3A%2F%2Fmostybeach.pl%2Findex.php%2Fcontact-us-01%2F|title:Um%C3%B3w%20Wypraw%C4%99|target:_blank&#8221;][\/vc_column][\/vc_row]<\/p>\n","protected":false},"excerpt":{"rendered":"<p>[vc_row full_width=&#8221;stretch_row_content_no_spaces&#8221; ef5_divider=&#8221;none&#8221;][vc_column background_color=&#8221;&#8221;][\/vc_column][\/vc_row][vc_row remove_overflow=&#8221;&#8221; ef5_padding=&#8221;100-0&#8243; ef5_divider=&#8221;none&#8221;][vc_column background_color=&#8221;&#8221; offset=&#8221;vc_col-lg-6 vc_col-md-6&#8243;][ef5_emptyspace values=&#8221;%5B%7B%22screen_size_min%22%3A%22992%22%2C%22height%22%3A%2215%22%7D%5D&#8221; el_id=&#8221;1579248933592-70ec07e3-c1d9&#8243;][ef5_heading small_heading_text=&#8221;O NAS&#8221; heading_text=&#8221;Zapewnimy Ci niesamowite wra\u017cenia nad wod\u0105!&#8221; add_heading_icon=&#8221;&#8221; show_heading2=&#8221;&#8221; show_heading3=&#8221;&#8221; subheading_text=&#8221;&#8221; desc_text=&#8221;Wyprawa kajakiem to jedno z najpi\u0119kniejszych [&hellip;]<\/p>\n","protected":false},"author":1,"featured_media":0,"parent":0,"menu_order":0,"comment_status":"closed","ping_status":"closed","template":"template-parts\/page-builder.php","meta":{"footnotes":""},"class_list":["post-103","page","type-page","status-publish","hentry"],"yoast_head":"<!-- This site is optimized with the Yoast SEO plugin v19.2 - https:\/\/yoast.com\/wordpress\/plugins\/seo\/ -->\n<title>MostyBeach Sp\u0142ywy Kajakowe - Kajaki Pilica, Maluszyn<\/title>\n<meta name=\"description\" content=\"Zapraszamy na atrakcyjne sp\u0142ywy kajakowe po Pilicy na trasie od Maluszyn. sp\u0142ywy szkoleniowe, grupowe, wycieczki kajakowe\" \/>\n<meta name=\"robots\" content=\"index, follow, max-snippet:-1, max-image-preview:large, max-video-preview:-1\" \/>\n<link rel=\"canonical\" href=\"http:\/\/mostybeach.pl\/\" \/>\n<meta property=\"og:locale\" content=\"pl_PL\" \/>\n<meta property=\"og:type\" content=\"article\" \/>\n<meta property=\"og:title\" content=\"MostyBeach Sp\u0142ywy Kajakowe - Kajaki Pilica, Maluszyn\" \/>\n<meta property=\"og:description\" content=\"Zapraszamy na atrakcyjne sp\u0142ywy kajakowe po Pilicy na trasie od Maluszyn. sp\u0142ywy szkoleniowe, grupowe, wycieczki kajakowe\" \/>\n<meta property=\"og:url\" content=\"http:\/\/mostybeach.pl\/\" \/>\n<meta property=\"og:site_name\" content=\"Sp\u0142ywy Kajakowe MostyBeach\" \/>\n<meta property=\"article:modified_time\" content=\"2023-03-28T18:35:22+00:00\" \/>\n<meta name=\"author\" content=\"admin\" \/>\n<meta name=\"twitter:card\" content=\"summary_large_image\" \/>\n<meta name=\"twitter:label1\" content=\"Szacowany czas czytania\" \/>\n\t<meta name=\"twitter:data1\" content=\"2 minuty\" \/>\n<script type=\"application\/ld+json\" class=\"yoast-schema-graph\">{\"@context\":\"https:\/\/schema.org\",\"@graph\":[{\"@type\":\"WebSite\",\"@id\":\"http:\/\/mostybeach.pl\/#website\",\"url\":\"http:\/\/mostybeach.pl\/\",\"name\":\"Sp\u0142ywy Kajakowe MostyBeach\",\"description\":\"Sp\u0142ywy kajakowe nad pilic\u0105, maluszyn, Wynajem Kajak\u00f3w, \u0141\u00f3dzkie, sp\u0142ywy kajakowe wycieczki, kajaki \u015bwi\u0119tokrzyskie, Wypo\u017cyczalnia Kajak\u00f3w, Sp\u0142ywy kajakowe Kielce, \u015awi\u0119tokrzyskie\",\"potentialAction\":[{\"@type\":\"SearchAction\",\"target\":{\"@type\":\"EntryPoint\",\"urlTemplate\":\"http:\/\/mostybeach.pl\/?s={search_term_string}\"},\"query-input\":\"required name=search_term_string\"}],\"inLanguage\":\"pl-PL\"},{\"@type\":\"WebPage\",\"@id\":\"http:\/\/mostybeach.pl\/#webpage\",\"url\":\"http:\/\/mostybeach.pl\/\",\"name\":\"MostyBeach Sp\u0142ywy Kajakowe - Kajaki Pilica, Maluszyn\",\"isPartOf\":{\"@id\":\"http:\/\/mostybeach.pl\/#website\"},\"datePublished\":\"2019-10-07T06:46:28+00:00\",\"dateModified\":\"2023-03-28T18:35:22+00:00\",\"description\":\"Zapraszamy na atrakcyjne sp\u0142ywy kajakowe po Pilicy na trasie od Maluszyn. sp\u0142ywy szkoleniowe, grupowe, wycieczki kajakowe\",\"breadcrumb\":{\"@id\":\"http:\/\/mostybeach.pl\/#breadcrumb\"},\"inLanguage\":\"pl-PL\",\"potentialAction\":[{\"@type\":\"ReadAction\",\"target\":[\"http:\/\/mostybeach.pl\/\"]}]},{\"@type\":\"BreadcrumbList\",\"@id\":\"http:\/\/mostybeach.pl\/#breadcrumb\",\"itemListElement\":[{\"@type\":\"ListItem\",\"position\":1,\"name\":\"Strona g\u0142\u00f3wna\",\"item\":\"http:\/\/mostybeach.pl\/\"},{\"@type\":\"ListItem\",\"position\":2,\"name\":\"Home\"}]}]}<\/script>\n<!-- \/ Yoast SEO plugin. -->","yoast_head_json":{"title":"MostyBeach Sp\u0142ywy Kajakowe - Kajaki Pilica, Maluszyn","description":"Zapraszamy na atrakcyjne sp\u0142ywy kajakowe po Pilicy na trasie od Maluszyn. sp\u0142ywy szkoleniowe, grupowe, wycieczki kajakowe","robots":{"index":"index","follow":"follow","max-snippet":"max-snippet:-1","max-image-preview":"max-image-preview:large","max-video-preview":"max-video-preview:-1"},"canonical":"http:\/\/mostybeach.pl\/","og_locale":"pl_PL","og_type":"article","og_title":"MostyBeach Sp\u0142ywy Kajakowe - Kajaki Pilica, Maluszyn","og_description":"Zapraszamy na atrakcyjne sp\u0142ywy kajakowe po Pilicy na trasie od Maluszyn. sp\u0142ywy szkoleniowe, grupowe, wycieczki kajakowe","og_url":"http:\/\/mostybeach.pl\/","og_site_name":"Sp\u0142ywy Kajakowe MostyBeach","article_modified_time":"2023-03-28T18:35:22+00:00","author":"admin","twitter_card":"summary_large_image","twitter_misc":{"Szacowany czas czytania":"2 minuty"},"schema":{"@context":"https:\/\/schema.org","@graph":[{"@type":"WebSite","@id":"http:\/\/mostybeach.pl\/#website","url":"http:\/\/mostybeach.pl\/","name":"Sp\u0142ywy Kajakowe MostyBeach","description":"Sp\u0142ywy kajakowe nad pilic\u0105, maluszyn, Wynajem Kajak\u00f3w, \u0141\u00f3dzkie, sp\u0142ywy kajakowe wycieczki, kajaki \u015bwi\u0119tokrzyskie, Wypo\u017cyczalnia Kajak\u00f3w, Sp\u0142ywy kajakowe Kielce, \u015awi\u0119tokrzyskie","potentialAction":[{"@type":"SearchAction","target":{"@type":"EntryPoint","urlTemplate":"http:\/\/mostybeach.pl\/?s={search_term_string}"},"query-input":"required name=search_term_string"}],"inLanguage":"pl-PL"},{"@type":"WebPage","@id":"http:\/\/mostybeach.pl\/#webpage","url":"http:\/\/mostybeach.pl\/","name":"MostyBeach Sp\u0142ywy Kajakowe - Kajaki Pilica, Maluszyn","isPartOf":{"@id":"http:\/\/mostybeach.pl\/#website"},"datePublished":"2019-10-07T06:46:28+00:00","dateModified":"2023-03-28T18:35:22+00:00","description":"Zapraszamy na atrakcyjne sp\u0142ywy kajakowe po Pilicy na trasie od Maluszyn. sp\u0142ywy szkoleniowe, grupowe, wycieczki kajakowe","breadcrumb":{"@id":"http:\/\/mostybeach.pl\/#breadcrumb"},"inLanguage":"pl-PL","potentialAction":[{"@type":"ReadAction","target":["http:\/\/mostybeach.pl\/"]}]},{"@type":"BreadcrumbList","@id":"http:\/\/mostybeach.pl\/#breadcrumb","itemListElement":[{"@type":"ListItem","position":1,"name":"Strona g\u0142\u00f3wna","item":"http:\/\/mostybeach.pl\/"},{"@type":"ListItem","position":2,"name":"Home"}]}]}},"_links":{"self":[{"href":"https:\/\/mostybeach.pl\/index.php\/wp-json\/wp\/v2\/pages\/103","targetHints":{"allow":["GET"]}}],"collection":[{"href":"https:\/\/mostybeach.pl\/index.php\/wp-json\/wp\/v2\/pages"}],"about":[{"href":"https:\/\/mostybeach.pl\/index.php\/wp-json\/wp\/v2\/types\/page"}],"author":[{"embeddable":true,"href":"https:\/\/mostybeach.pl\/index.php\/wp-json\/wp\/v2\/users\/1"}],"replies":[{"embeddable":true,"href":"https:\/\/mostybeach.pl\/index.php\/wp-json\/wp\/v2\/comments?post=103"}],"version-history":[{"count":16,"href":"https:\/\/mostybeach.pl\/index.php\/wp-json\/wp\/v2\/pages\/103\/revisions"}],"predecessor-version":[{"id":1991,"href":"https:\/\/mostybeach.pl\/index.php\/wp-json\/wp\/v2\/pages\/103\/revisions\/1991"}],"wp:attachment":[{"href":"https:\/\/mostybeach.pl\/index.php\/wp-json\/wp\/v2\/media?parent=103"}],"curies":[{"name":"wp","href":"https:\/\/api.w.org\/{rel}","templated":true}]}}